{"id":78425,"date":"2024-09-06T17:22:18","date_gmt":"2024-09-06T14:22:18","guid":{"rendered":"https:\/\/licenseplanet.com\/?post_type=product&#038;p=78425"},"modified":"2025-06-20T13:49:11","modified_gmt":"2025-06-20T10:49:11","slug":"parallels-toolbox-licenza","status":"publish","type":"product","link":"https:\/\/www.licenseplanet.com\/it\/product\/parallels-toolbox-licenza\/","title":{"rendered":"Parallels Toolbox Licenza"},"content":{"rendered":"<p><em><strong>Parallels Toolbox<\/strong><\/em><\/p>\n<div class=\"wpsm-titlebox clearbox wpsm_style_1\"><strong class=\"\">PARALLELS TOOLBOX - SPECIFICHE<\/strong><div><\/p>\n<p><strong>LINGUA:<\/strong> MULTI-LINGUA<\/p>\n<p><strong>NUMERO DISPOSITIVI:<\/strong> 1<\/p>\n<p><strong>SISTEMA OPERATIVO:<\/strong> MacOS, Windows<\/p>\n<p><strong>DURATA LICENZA:<\/strong> 1 anno<\/p>\n<p><\/div><\/div>\n<h2><strong>Q&amp;A<\/strong><\/h2>\n<div class=\"wpsm-titlebox clearbox wpsm_style_1\"><strong class=\"\">COSA RICEVO QUANDO ACQUISTO PARALLELS TOOLBOX?<\/strong><div><\/p>\n<p>Acquistando questo prodotto riceverai il software digitale da scaricare e installare, il product key per l\u2019attivazione e tutte le istruzioni per una corretta installazione.<\/p>\n<p><\/div><\/div>\n<div class=\"wpsm-titlebox clearbox wpsm_style_1\"><strong class=\"\">IN QUANTO TEMPO RICEVO LA LICENZA?<\/strong><div><\/p>\n<p>La licenza verr\u00e0 consegnata al cliente in pochissimi minuti attraverso un sistema automatizzato di invio, reso possibile grazie all&#8217;acquisto di stock.<\/p>\n<p><\/div><\/div>\n<div class=\"wpsm-titlebox clearbox wpsm_style_1\"><strong class=\"\">IL PRODOTTO SI SCARICA DAL SITO UFFICIALE?<\/strong><div><\/p>\n<p>Certamente, il\u00a0<strong>download<\/strong>\u00a0del prodotto avviene\u00a0<strong>dal <a href=\"https:\/\/www.parallels.com\/eu\/products\/toolbox\/\" target=\"_blank\" rel=\"noopener\">sito ufficiale<\/a><\/strong>, non viene usato nessun link esterno.<\/p>\n<p><\/div><\/div>\n<div class=\"wpsm-titlebox clearbox wpsm_style_1\"><strong class=\"\">QUESTO PRODOTTO RICEVE AGGIORNAMENTI SOFTWARE UFFICIALI?<\/strong><div><\/p>\n<p>Con l&#8217;acquisto di questa licenza originale, il software ricever\u00e0 regolarmente aggiornamenti ufficiali garantiti.<\/p>\n<p><\/div><\/div>\n<div class=\"wpsm-titlebox clearbox wpsm_style_1\"><strong class=\"\">RICEVO FATTURA DOPO L'ACQUISTO?<\/strong><div><\/p>\n<p>Il cliente ricever\u00e0 la fattura tramite email e, nel caso di azienda, la ricever\u00e0 anche in formato elettronico.<\/p>\n<p><\/div><\/div>\n<div class=\"wpsm-titlebox clearbox wpsm_style_1\"><strong class=\"\">HAI PAURA DI NON ESSERE IN GRADO DI INSTALLARE?<\/strong><div><\/p>\n<p>Nessun problema! E&#8217; nostro interesse portare il cliente all&#8217;attivazione finale del software e godere appieno delle massime funzionalit\u00e0 acquistate. Forniamo assistenza remota attraverso software come Anydesk o Teamviewer 24\/7 e anche nei giorni festivi.<\/p>\n<p><a href=\"https:\/\/www.licenseplanet.com\/it\/contattaci\/\" target=\"_blank\" class=\"wpsm-button main small rehub-main-color-bg rehub-main-color-border\"><i class=\"rhicon rhi-none\"><\/i>Contattaci<\/a><\/p>\n<p><\/div><\/div>\n<h2 class=\"cmp-title__text dhig-typography-headline-medium\">Una panoramica di Parallels Toolbox<\/h2>\n<p>Parallels Toolbox \u00e8 un set di strumenti multifunzionali progettato per semplificare una vasta gamma di attivit\u00e0 quotidiane su Mac e Windows. Sviluppato da Parallels, questo software offre un\u2019ampia selezione di utility facili da usare, pensate per migliorare la produttivit\u00e0 e risparmiare tempo, rendendo operazioni complesse pi\u00f9 accessibili anche agli utenti meno esperti. Parallels Toolbox \u00e8 ideale per professionisti, studenti e chiunque desideri un pacchetto di strumenti completi per gestire attivit\u00e0 frequenti con un solo clic.<\/p>\n<p>Una delle caratteristiche principali di Parallels Toolbox \u00e8 la sua interfaccia semplice e intuitiva, che permette di accedere rapidamente a una serie di funzioni utili. Tra queste troviamo strumenti per la gestione dello schermo, come la possibilit\u00e0 di catturare schermate o registrare video dello schermo con facilit\u00e0, senza dover ricorrere a software aggiuntivi. Inoltre, consente di ottimizzare lo spazio su disco, comprimendo file o trovando ed eliminando rapidamente file duplicati o di grandi dimensioni.<\/p>\n<p>Parallels Toolbox include anche utility per la gestione delle prestazioni, come la possibilit\u00e0 di nascondere tutte le finestre con un solo clic per massimizzare la concentrazione, o di disattivare le notifiche e bloccare lo schermo durante le presentazioni per evitare distrazioni. Inoltre, fornisce strumenti per la gestione della rete, come la modalit\u00e0 aereo o la disattivazione di microfono e webcam per migliorare la sicurezza durante le videoconferenze o quando non si desidera essere disturbati.<\/p>\n<p>Un altro punto di forza di Parallels Toolbox \u00e8 la sua versatilit\u00e0. Gli utenti possono scaricare video da piattaforme come YouTube, convertire file multimediali in vari formati, oppure creare GIF animate. Queste funzionalit\u00e0 lo rendono uno strumento estremamente utile per chi lavora con contenuti digitali o ha bisogno di strumenti di conversione rapidi e facili da usare.<\/p>\n<p>In sintesi, Parallels Toolbox offre un pacchetto completo di strumenti che semplificano le attivit\u00e0 quotidiane, migliorano la produttivit\u00e0 e ottimizzano l&#8217;uso del computer, il tutto attraverso un&#8217;interfaccia facile e accessibile. Perfetto per chi desidera un toolkit potente e versatile senza dover ricorrere a molteplici applicazioni separate.<\/p>","protected":false},"excerpt":{"rendered":"<p><strong><em>ACQUISTA LA LICENZA DI PARALLELS TOOLBOX DA NOI E OTTIENI UNA CONSEGNA IMMEDIATA<\/em><\/strong><\/p>","protected":false},"featured_media":78428,"comment_status":"open","ping_status":"closed","template":"","meta":{"_acf_changed":false,"_gspb_post_css":"","footnotes":""},"store":[],"product_brand":[],"product_cat":[383,458],"product_tag":[393,196,459,193],"class_list":{"0":"post-78425","1":"product","2":"type-product","3":"status-publish","4":"has-post-thumbnail","6":"product_cat-other-software","7":"product_cat-parallels","8":"product_tag-key","9":"product_tag-licenza","10":"product_tag-parallels","11":"product_tag-windows","13":"first","14":"instock","15":"taxable","16":"shipping-taxable","17":"purchasable","18":"product-type-variable","19":"has-default-attributes"},"acf":[],"yoast_head":"<!-- This site is optimized with the Yoast SEO Premium plugin v25.2 (Yoast SEO v25.2) - https:\/\/yoast.com\/wordpress\/plugins\/seo\/ -->\n<title>Parallels Toolbox Licenza &#8226; LicensePlanet<\/title>\n<meta name=\"description\" content=\"Acquista una licenza originale Parallels Toolbox a prezzi davvero competitivi. Forniamo assistenza sulle licenze e sull&#039;installazione e attivazione.\" \/>\n<meta name=\"robots\" content=\"index, follow, max-snippet:-1, max-image-preview:large, max-video-preview:-1\" \/>\n<link rel=\"canonical\" href=\"https:\/\/www.licenseplanet.com\/it\/product\/parallels-toolbox-licenza\/\" \/>\n<meta property=\"og:locale\" content=\"it_IT\" \/>\n<meta property=\"og:type\" content=\"article\" \/>\n<meta property=\"og:title\" content=\"Parallels Toolbox Licenza\" \/>\n<meta property=\"og:description\" content=\"Acquista una licenza originale Parallels Toolbox a prezzi davvero competitivi. Forniamo assistenza sulle licenze e sull&#039;installazione e attivazione.\" \/>\n<meta property=\"og:url\" content=\"https:\/\/www.licenseplanet.com\/it\/product\/parallels-toolbox-licenza\/\" \/>\n<meta property=\"og:site_name\" content=\"LicensePlanet\" \/>\n<meta property=\"article:publisher\" content=\"https:\/\/www.facebook.com\/LicensePlanet\/\" \/>\n<meta property=\"article:modified_time\" content=\"2025-06-20T10:49:11+00:00\" \/>\n<meta property=\"og:image\" content=\"https:\/\/www.licenseplanet.com\/wp-content\/uploads\/2024\/09\/ODWSUVFzTi81R2nKXVCTS4POc6xm-MLbLStA5qqFQ8_350x200_3x-0.jpeg\" \/>\n\t<meta property=\"og:image:width\" content=\"1050\" \/>\n\t<meta property=\"og:image:height\" content=\"1478\" \/>\n\t<meta property=\"og:image:type\" content=\"image\/jpeg\" \/>\n<meta name=\"twitter:card\" content=\"summary_large_image\" \/>\n<meta name=\"twitter:label1\" content=\"Disponibilit\u00e0\" \/>\n\t<meta name=\"twitter:data1\" content=\"In stock\" \/>\n<script type=\"application\/ld+json\" class=\"yoast-schema-graph\">{\"@context\":\"https:\/\/schema.org\",\"@graph\":[{\"@type\":\"WebPage\",\"@id\":\"https:\/\/www.licenseplanet.com\/product\/parallels-toolbox-licenza\/\",\"url\":\"https:\/\/www.licenseplanet.com\/product\/parallels-toolbox-licenza\/\",\"name\":\"Parallels Toolbox Licenza &#8226; LicensePlanet\",\"isPartOf\":{\"@id\":\"https:\/\/www.licenseplanet.com\/it\/#website\"},\"primaryImageOfPage\":{\"@id\":\"https:\/\/www.licenseplanet.com\/product\/parallels-toolbox-licenza\/#primaryimage\"},\"image\":{\"@id\":\"https:\/\/www.licenseplanet.com\/product\/parallels-toolbox-licenza\/#primaryimage\"},\"thumbnailUrl\":\"https:\/\/www.licenseplanet.com\/wp-content\/uploads\/2024\/09\/ODWSUVFzTi81R2nKXVCTS4POc6xm-MLbLStA5qqFQ8_350x200_3x-0.jpeg\",\"datePublished\":\"2024-09-06T14:22:18+00:00\",\"dateModified\":\"2025-06-20T10:49:11+00:00\",\"description\":\"Acquista una licenza originale Parallels Toolbox a prezzi davvero competitivi. Forniamo assistenza sulle licenze e sull'installazione e attivazione.\",\"breadcrumb\":{\"@id\":\"https:\/\/www.licenseplanet.com\/product\/parallels-toolbox-licenza\/#breadcrumb\"},\"inLanguage\":\"it-IT\",\"potentialAction\":[{\"@type\":\"ReadAction\",\"target\":[\"https:\/\/www.licenseplanet.com\/product\/parallels-toolbox-licenza\/\"]}]},{\"@type\":\"ImageObject\",\"inLanguage\":\"it-IT\",\"@id\":\"https:\/\/www.licenseplanet.com\/product\/parallels-toolbox-licenza\/#primaryimage\",\"url\":\"https:\/\/www.licenseplanet.com\/wp-content\/uploads\/2024\/09\/ODWSUVFzTi81R2nKXVCTS4POc6xm-MLbLStA5qqFQ8_350x200_3x-0.jpeg\",\"contentUrl\":\"https:\/\/www.licenseplanet.com\/wp-content\/uploads\/2024\/09\/ODWSUVFzTi81R2nKXVCTS4POc6xm-MLbLStA5qqFQ8_350x200_3x-0.jpeg\",\"width\":1050,\"height\":1478,\"caption\":\"Parallels toolbox licenza digital key\"},{\"@type\":\"BreadcrumbList\",\"@id\":\"https:\/\/www.licenseplanet.com\/product\/parallels-toolbox-licenza\/#breadcrumb\",\"itemListElement\":[{\"@type\":\"ListItem\",\"position\":1,\"name\":\"Home\",\"item\":\"https:\/\/www.licenseplanet.com\/\"},{\"@type\":\"ListItem\",\"position\":2,\"name\":\"Shop\",\"item\":\"https:\/\/www.licenseplanet.com\/shop\/\"},{\"@type\":\"ListItem\",\"position\":3,\"name\":\"Parallels Toolbox Licenza\"}]},{\"@type\":\"WebSite\",\"@id\":\"https:\/\/www.licenseplanet.com\/it\/#website\",\"url\":\"https:\/\/www.licenseplanet.com\/it\/\",\"name\":\"LicensePlanet\",\"description\":\"The planet of licenses\",\"publisher\":{\"@id\":\"https:\/\/www.licenseplanet.com\/it\/#organization\"},\"potentialAction\":[{\"@type\":\"SearchAction\",\"target\":{\"@type\":\"EntryPoint\",\"urlTemplate\":\"https:\/\/www.licenseplanet.com\/it\/?s={search_term_string}\"},\"query-input\":{\"@type\":\"PropertyValueSpecification\",\"valueRequired\":true,\"valueName\":\"search_term_string\"}}],\"inLanguage\":\"it-IT\"},{\"@type\":\"Organization\",\"@id\":\"https:\/\/www.licenseplanet.com\/it\/#organization\",\"name\":\"LicensePlanet\",\"url\":\"https:\/\/www.licenseplanet.com\/it\/\",\"logo\":{\"@type\":\"ImageObject\",\"inLanguage\":\"it-IT\",\"@id\":\"https:\/\/www.licenseplanet.com\/it\/#\/schema\/logo\/image\/\",\"url\":\"https:\/\/licenseplanet.com\/wp-content\/uploads\/2025\/05\/logolicenseplanetCOM.png\",\"contentUrl\":\"https:\/\/licenseplanet.com\/wp-content\/uploads\/2025\/05\/logolicenseplanetCOM.png\",\"width\":1984,\"height\":807,\"caption\":\"LicensePlanet\"},\"image\":{\"@id\":\"https:\/\/www.licenseplanet.com\/it\/#\/schema\/logo\/image\/\"},\"sameAs\":[\"https:\/\/www.facebook.com\/LicensePlanet\/\"],\"description\":\"LicensePlanet is your trusted source for genuine software licenses at competitive prices. Fast delivery, secure payments, and top-notch support\u2014worldwide.\",\"email\":\"info@licenseplanet.com\",\"telephone\":\"+372 53 6833 28\",\"legalName\":\"Kelex Digital OU\",\"foundingDate\":\"2025-01-15\",\"vatID\":\"EE102819762\"}]}<\/script>\n<meta property=\"og:availability\" content=\"instock\" \/>\n<meta property=\"product:availability\" content=\"instock\" \/>\n<meta property=\"product:retailer_item_id\" content=\"LP-78425\" \/>\n<meta property=\"product:condition\" content=\"new\" \/>\n<!-- \/ Yoast SEO Premium plugin. -->","yoast_head_json":{"title":"Parallels Toolbox Licenza &#8226; LicensePlanet","description":"Acquista una licenza originale Parallels Toolbox a prezzi davvero competitivi. Forniamo assistenza sulle licenze e sull'installazione e attivazione.","robots":{"index":"index","follow":"follow","max-snippet":"max-snippet:-1","max-image-preview":"max-image-preview:large","max-video-preview":"max-video-preview:-1"},"canonical":"https:\/\/www.licenseplanet.com\/it\/product\/parallels-toolbox-licenza\/","og_locale":"it_IT","og_type":"article","og_title":"Parallels Toolbox Licenza","og_description":"Acquista una licenza originale Parallels Toolbox a prezzi davvero competitivi. Forniamo assistenza sulle licenze e sull'installazione e attivazione.","og_url":"https:\/\/www.licenseplanet.com\/it\/product\/parallels-toolbox-licenza\/","og_site_name":"LicensePlanet","article_publisher":"https:\/\/www.facebook.com\/LicensePlanet\/","article_modified_time":"2025-06-20T10:49:11+00:00","og_image":[{"width":1050,"height":1478,"url":"https:\/\/www.licenseplanet.com\/wp-content\/uploads\/2024\/09\/ODWSUVFzTi81R2nKXVCTS4POc6xm-MLbLStA5qqFQ8_350x200_3x-0.jpeg","type":"image\/jpeg"}],"twitter_card":"summary_large_image","twitter_misc":{"Disponibilit\u00e0":"In stock"},"schema":{"@context":"https:\/\/schema.org","@graph":[{"@type":"WebPage","@id":"https:\/\/www.licenseplanet.com\/product\/parallels-toolbox-licenza\/","url":"https:\/\/www.licenseplanet.com\/product\/parallels-toolbox-licenza\/","name":"Parallels Toolbox Licenza &#8226; LicensePlanet","isPartOf":{"@id":"https:\/\/www.licenseplanet.com\/it\/#website"},"primaryImageOfPage":{"@id":"https:\/\/www.licenseplanet.com\/product\/parallels-toolbox-licenza\/#primaryimage"},"image":{"@id":"https:\/\/www.licenseplanet.com\/product\/parallels-toolbox-licenza\/#primaryimage"},"thumbnailUrl":"https:\/\/www.licenseplanet.com\/wp-content\/uploads\/2024\/09\/ODWSUVFzTi81R2nKXVCTS4POc6xm-MLbLStA5qqFQ8_350x200_3x-0.jpeg","datePublished":"2024-09-06T14:22:18+00:00","dateModified":"2025-06-20T10:49:11+00:00","description":"Acquista una licenza originale Parallels Toolbox a prezzi davvero competitivi. Forniamo assistenza sulle licenze e sull'installazione e attivazione.","breadcrumb":{"@id":"https:\/\/www.licenseplanet.com\/product\/parallels-toolbox-licenza\/#breadcrumb"},"inLanguage":"it-IT","potentialAction":[{"@type":"ReadAction","target":["https:\/\/www.licenseplanet.com\/product\/parallels-toolbox-licenza\/"]}]},{"@type":"ImageObject","inLanguage":"it-IT","@id":"https:\/\/www.licenseplanet.com\/product\/parallels-toolbox-licenza\/#primaryimage","url":"https:\/\/www.licenseplanet.com\/wp-content\/uploads\/2024\/09\/ODWSUVFzTi81R2nKXVCTS4POc6xm-MLbLStA5qqFQ8_350x200_3x-0.jpeg","contentUrl":"https:\/\/www.licenseplanet.com\/wp-content\/uploads\/2024\/09\/ODWSUVFzTi81R2nKXVCTS4POc6xm-MLbLStA5qqFQ8_350x200_3x-0.jpeg","width":1050,"height":1478,"caption":"Parallels toolbox licenza digital key"},{"@type":"BreadcrumbList","@id":"https:\/\/www.licenseplanet.com\/product\/parallels-toolbox-licenza\/#breadcrumb","itemListElement":[{"@type":"ListItem","position":1,"name":"Home","item":"https:\/\/www.licenseplanet.com\/"},{"@type":"ListItem","position":2,"name":"Shop","item":"https:\/\/www.licenseplanet.com\/shop\/"},{"@type":"ListItem","position":3,"name":"Parallels Toolbox Licenza"}]},{"@type":"WebSite","@id":"https:\/\/www.licenseplanet.com\/it\/#website","url":"https:\/\/www.licenseplanet.com\/it\/","name":"LicensePlanet","description":"The planet of licenses","publisher":{"@id":"https:\/\/www.licenseplanet.com\/it\/#organization"},"potentialAction":[{"@type":"SearchAction","target":{"@type":"EntryPoint","urlTemplate":"https:\/\/www.licenseplanet.com\/it\/?s={search_term_string}"},"query-input":{"@type":"PropertyValueSpecification","valueRequired":true,"valueName":"search_term_string"}}],"inLanguage":"it-IT"},{"@type":"Organization","@id":"https:\/\/www.licenseplanet.com\/it\/#organization","name":"LicensePlanet","url":"https:\/\/www.licenseplanet.com\/it\/","logo":{"@type":"ImageObject","inLanguage":"it-IT","@id":"https:\/\/www.licenseplanet.com\/it\/#\/schema\/logo\/image\/","url":"https:\/\/licenseplanet.com\/wp-content\/uploads\/2025\/05\/logolicenseplanetCOM.png","contentUrl":"https:\/\/licenseplanet.com\/wp-content\/uploads\/2025\/05\/logolicenseplanetCOM.png","width":1984,"height":807,"caption":"LicensePlanet"},"image":{"@id":"https:\/\/www.licenseplanet.com\/it\/#\/schema\/logo\/image\/"},"sameAs":["https:\/\/www.facebook.com\/LicensePlanet\/"],"description":"LicensePlanet is your trusted source for genuine software licenses at competitive prices. Fast delivery, secure payments, and top-notch support\u2014worldwide.","email":"info@licenseplanet.com","telephone":"+372 53 6833 28","legalName":"Kelex Digital OU","foundingDate":"2025-01-15","vatID":"EE102819762"}]},"og_availability":"instock","product_availability":"instock","product_retailer_item_id":"LP-78425","product_condition":"new"},"_links":{"self":[{"href":"https:\/\/www.licenseplanet.com\/it\/wp-json\/wp\/v2\/product\/78425","targetHints":{"allow":["GET"]}}],"collection":[{"href":"https:\/\/www.licenseplanet.com\/it\/wp-json\/wp\/v2\/product"}],"about":[{"href":"https:\/\/www.licenseplanet.com\/it\/wp-json\/wp\/v2\/types\/product"}],"replies":[{"embeddable":true,"href":"https:\/\/www.licenseplanet.com\/it\/wp-json\/wp\/v2\/comments?post=78425"}],"version-history":[{"count":2,"href":"https:\/\/www.licenseplanet.com\/it\/wp-json\/wp\/v2\/product\/78425\/revisions"}],"predecessor-version":[{"id":87045,"href":"https:\/\/www.licenseplanet.com\/it\/wp-json\/wp\/v2\/product\/78425\/revisions\/87045"}],"wp:featuredmedia":[{"embeddable":true,"href":"https:\/\/www.licenseplanet.com\/it\/wp-json\/wp\/v2\/media\/78428"}],"wp:attachment":[{"href":"https:\/\/www.licenseplanet.com\/it\/wp-json\/wp\/v2\/media?parent=78425"}],"wp:term":[{"taxonomy":"store","embeddable":true,"href":"https:\/\/www.licenseplanet.com\/it\/wp-json\/wp\/v2\/store?post=78425"},{"taxonomy":"product_brand","embeddable":true,"href":"https:\/\/www.licenseplanet.com\/it\/wp-json\/wp\/v2\/product_brand?post=78425"},{"taxonomy":"product_cat","embeddable":true,"href":"https:\/\/www.licenseplanet.com\/it\/wp-json\/wp\/v2\/product_cat?post=78425"},{"taxonomy":"product_tag","embeddable":true,"href":"https:\/\/www.licenseplanet.com\/it\/wp-json\/wp\/v2\/product_tag?post=78425"}],"curies":[{"name":"wp","href":"https:\/\/api.w.org\/{rel}","templated":true}]}}